{"id":1152,"date":"2024-02-01T13:51:43","date_gmt":"2024-02-01T12:51:43","guid":{"rendered":"http:\/\/projekt.frenz-communication.de\/Mangold\/?page_id=1152"},"modified":"2024-02-06T17:16:34","modified_gmt":"2024-02-06T16:16:34","slug":"ernaehrungsberatung","status":"publish","type":"page","link":"http:\/\/projekt.frenz-communication.de\/Mangold\/ernaehrungsberatung\/","title":{"rendered":"Ern\u00e4hrungsberatung"},"content":{"rendered":"<div data-colibri-id=\"1152-c1\" class=\"style-937 style-local-1152-c1 position-relative\">\n  <!---->\n  <div data-colibri-component=\"section\" data-colibri-id=\"1152-c2\" id=\"custom\" class=\"h-section h-section-global-spacing d-flex align-items-lg-center align-items-md-center align-items-center style-942 style-local-1152-c2 position-relative\">\n    <!---->\n    <!---->\n    <div class=\"h-section-grid-container h-section-boxed-container\">\n      <!---->\n      <div data-colibri-id=\"1152-c3\" class=\"h-row-container gutters-row-lg-2 gutters-row-md-2 gutters-row-0 gutters-row-v-lg-2 gutters-row-v-md-2 gutters-row-v-2 style-975 style-local-1152-c3 position-relative\">\n        <!---->\n        <div class=\"h-row justify-content-lg-center justify-content-md-center justify-content-center align-items-lg-stretch align-items-md-stretch align-items-stretch gutters-col-lg-2 gutters-col-md-2 gutters-col-0 gutters-col-v-lg-2 gutters-col-v-md-2 gutters-col-v-2\">\n          <!---->\n          <div class=\"h-column h-column-container d-flex h-col-lg-auto h-col-md-auto h-col-auto style-976-outer style-local-1152-c4-outer\">\n            <div data-colibri-id=\"1152-c4\" class=\"d-flex h-flex-basis h-column__inner h-px-lg-2 h-px-md-2 h-px-2 v-inner-lg-2 v-inner-md-2 v-inner-2 style-976 style-local-1152-c4 position-relative\">\n              <!---->\n              <!---->\n              <div class=\"w-100 h-y-container h-column__content h-column__v-align flex-basis-100 align-self-lg-start align-self-md-start align-self-start\">\n                <!---->\n                <div data-colibri-id=\"1152-c5\" class=\"h-global-transition-all h-heading style-974 style-local-1152-c5 position-relative h-element\">\n                  <!---->\n                  <div class=\"h-heading__outer style-974 style-local-1152-c5\">\n                    <!---->\n                    <!---->\n                    <h2 class=\"\">Ern\u00e4hrungsberatung von den Krankenkassen bezuschusst \u2013 individuell und leicht im Alltag umsetzbar<\/h2>\n                  <\/div>\n                <\/div>\n              <\/div>\n            <\/div>\n          <\/div>\n        <\/div>\n      <\/div>\n      <div data-colibri-id=\"1152-c6\" class=\"h-row-container gutters-row-lg-2 gutters-row-md-2 gutters-row-0 gutters-row-v-lg-2 gutters-row-v-md-2 gutters-row-v-2 style-943 style-local-1152-c6 position-relative\">\n        <!---->\n        <div class=\"h-row justify-content-lg-center justify-content-md-center justify-content-center align-items-lg-stretch align-items-md-stretch align-items-stretch gutters-col-lg-2 gutters-col-md-2 gutters-col-0 gutters-col-v-lg-2 gutters-col-v-md-2 gutters-col-v-2\">\n          <!---->\n          <div class=\"h-column h-column-container d-flex h-col-lg-auto h-col-md-auto h-col-auto style-944-outer style-local-1152-c7-outer\">\n            <div data-colibri-id=\"1152-c7\" class=\"d-flex h-flex-basis h-column__inner h-px-lg-2 h-px-md-2 h-px-2 v-inner-lg-2 v-inner-md-2 v-inner-2 style-944 style-local-1152-c7 position-relative\">\n              <!---->\n              <!---->\n              <div class=\"w-100 h-y-container h-column__content h-column__v-align flex-basis-100 align-self-lg-start align-self-md-start align-self-start\">\n                <!---->\n                <div data-colibri-id=\"1152-c8\" class=\"h-global-transition-all h-heading style-947 style-local-1152-c8 position-relative h-element\">\n                  <!---->\n                  <div class=\"h-heading__outer style-947 style-local-1152-c8\">\n                    <!---->\n                    <!---->\n                    <h2 class=\"\">PR\u00c4VENTIVE ERN\u00c4HRUNGS-BERATUNG<\/h2>\n                  <\/div>\n                <\/div>\n                <div data-colibri-id=\"1152-c9\" class=\"h-text h-text-component style-946 style-local-1152-c9 position-relative h-element\">\n                  <!---->\n                  <!---->\n                  <div class=\"\">\n                    <p>Sie sind gesund, m\u00f6chten jedoch Ihr Wohlbefinden und Ihre k\u00f6rperliche und mentale Leistungsf\u00e4higkeit steigern?<\/p>\n                    <p>Sie wollen&nbsp;ern\u00e4hrungsbedingten Krankheiten vorbeugen?<\/p>\n                    <p>\u201eVorbeugung ist besser als Heilen!\u201c\n                      <br>\n                    <\/p>\n                    <p>Grundlage sind die Pr\u00e4ventionsprinzipien\n                      <br> \u2022&nbsp;Vermeidung von Fehl- und Mangelern\u00e4hrung\n                      <br> \u2022&nbsp;Vermeidung und Reduktion von \u00dcbergewicht<\/p>\n                    <p><strong>Info: <\/strong><\/p>\n                    <p><strong>Zertifizierte Ern\u00e4hrungskurse zu den Pr\u00e4ventionsprinzipien werden von jeder Krankenkasse bezuschusst.&nbsp;<\/strong><\/p>\n                    <p><strong>Sie ben\u00f6tigen keine Notwendigkeitsbescheinigung eines Arztes.<\/strong><\/p>\n                  <\/div>\n                <\/div>\n              <\/div>\n            <\/div>\n          <\/div>\n          <div class=\"h-column h-column-container d-flex h-col-lg-auto h-col-md-auto h-col-auto style-945-outer style-local-1152-c10-outer\">\n            <div data-colibri-id=\"1152-c10\" class=\"d-flex h-flex-basis h-column__inner h-px-lg-2 h-px-md-2 h-px-2 v-inner-lg-2 v-inner-md-2 v-inner-2 style-945 style-local-1152-c10 position-relative\">\n              <!---->\n              <!---->\n              <div class=\"w-100 h-y-container h-column__content h-column__v-align flex-basis-100 align-self-lg-start align-self-md-start align-self-start\">\n                <!---->\n                <div data-colibri-id=\"1152-c11\" class=\"d-block style-948 style-local-1152-c11 position-relative h-element\">\n                  <!---->\n                  <div class=\"h-image__frame-container-outer\">\n                    <div class=\"h-image__frame-container\">\n                      <!---->\n                      <!---->\n                      <img decoding=\"async\" width=\"400\" height=\"395\" data-src=\"http:\/\/projekt.frenz-communication.de\/Mangold\/wp-content\/uploads\/2023\/12\/picture-400-14.jpg\" class=\"wp-image-273 style-948-image style-local-1152-c11-image lazyload\" alt=\"\" data-srcset=\"http:\/\/projekt.frenz-communication.de\/Mangold\/wp-content\/uploads\/2023\/12\/picture-400-14.jpg 400w, http:\/\/projekt.frenz-communication.de\/Mangold\/wp-content\/uploads\/2023\/12\/picture-400-14-300x296.jpg 300w\" data-sizes=\"(max-width: 400px) 100vw, 400px\" src=\"data:image\/svg+xml;base64,PHN2ZyB3aWR0aD0iMSIgaGVpZ2h0PSIxIiB4bWxucz0iaHR0cDovL3d3dy53My5vcmcvMjAwMC9zdmciPjwvc3ZnPg==\" style=\"--smush-placeholder-width: 400px; --smush-placeholder-aspect-ratio: 400\/395;\" \/>\n                      <div class=\"h-image__frame h-hide-lg h-hide-md h-hide-sm style-948-frameImage style-local-1152-c11-frameImage\"><\/div>\n                    <\/div>\n                  <\/div>\n                <\/div>\n              <\/div>\n            <\/div>\n          <\/div>\n        <\/div>\n      <\/div>\n    <\/div>\n  <\/div>\n  <div data-colibri-component=\"section\" data-colibri-id=\"1152-c12\" id=\"custom-2\" class=\"h-section h-section-global-spacing d-flex align-items-lg-center align-items-md-center align-items-center style-949 style-local-1152-c12 position-relative\">\n    <!---->\n    <!---->\n    <div class=\"h-section-grid-container h-section-boxed-container\">\n      <!---->\n      <div data-colibri-id=\"1152-c13\" class=\"h-row-container gutters-row-lg-2 gutters-row-md-2 gutters-row-0 gutters-row-v-lg-2 gutters-row-v-md-2 gutters-row-v-2 style-950 style-local-1152-c13 position-relative\">\n        <!---->\n        <div class=\"h-row justify-content-lg-center justify-content-md-center justify-content-center align-items-lg-stretch align-items-md-stretch align-items-stretch gutters-col-lg-2 gutters-col-md-2 gutters-col-0 gutters-col-v-lg-2 gutters-col-v-md-2 gutters-col-v-2\">\n          <!---->\n          <div class=\"h-column h-column-container d-flex h-col-lg-auto h-col-md-auto h-col-auto style-951-outer style-local-1152-c14-outer\">\n            <div data-colibri-id=\"1152-c14\" class=\"d-flex h-flex-basis h-column__inner h-px-lg-2 h-px-md-2 h-px-2 v-inner-lg-2 v-inner-md-2 v-inner-2 style-951 style-local-1152-c14 position-relative\">\n              <!---->\n              <!---->\n              <div class=\"w-100 h-y-container h-column__content h-column__v-align flex-basis-100 align-self-lg-start align-self-md-start align-self-start\">\n                <!---->\n                <div data-colibri-id=\"1152-c15\" class=\"h-global-transition-all h-heading style-952 style-local-1152-c15 position-relative h-element\">\n                  <!---->\n                  <div class=\"h-heading__outer style-952 style-local-1152-c15\">\n                    <!---->\n                    <!---->\n                    <h1 class=\"\">Meine Angebote<\/h1>\n                  <\/div>\n                <\/div>\n              <\/div>\n            <\/div>\n          <\/div>\n        <\/div>\n      <\/div>\n      <div data-colibri-id=\"1152-c16\" class=\"h-row-container gutters-row-lg-2 gutters-row-md-2 gutters-row-0 gutters-row-v-lg-2 gutters-row-v-md-2 gutters-row-v-2 style-953 style-local-1152-c16 position-relative\">\n        <!---->\n        <div class=\"h-row justify-content-lg-center justify-content-md-center justify-content-center align-items-lg-stretch align-items-md-stretch align-items-stretch gutters-col-lg-2 gutters-col-md-2 gutters-col-0 gutters-col-v-lg-2 gutters-col-v-md-2 gutters-col-v-2\">\n          <!---->\n          <div class=\"h-column h-column-container d-flex h-col-lg-auto h-col-md-auto h-col-auto style-954-outer style-local-1152-c17-outer\">\n            <div data-colibri-id=\"1152-c17\" class=\"d-flex h-flex-basis h-column__inner h-px-lg-2 h-px-md-2 h-px-2 v-inner-lg-2 v-inner-md-2 v-inner-2 style-954 style-local-1152-c17 position-relative\">\n              <!---->\n              <!---->\n              <div class=\"w-100 h-y-container h-column__content h-column__v-align flex-basis-100 align-self-lg-start align-self-md-start align-self-start\">\n                <!---->\n                <div data-colibri-id=\"1152-c18\" class=\"h-text h-text-component style-955 style-local-1152-c18 position-relative h-element\">\n                  <!---->\n                  <!---->\n                  <div class=\"\">\n                    <p>\u2022 \u201eStay Healthy\u201c \u2013 Individuelle pr\u00e4ventive Ern\u00e4hrungsberatung\n                      <br> \u2022 \u201eAbnehmen leicht gemacht\u201c \u2013 Individuelle pr\u00e4ventive Ern\u00e4hrungsberatung\n                      <br> Sie erhalten 3 Ern\u00e4hrungsberatungen \u00e1 60 Minuten.<\/p>\n                  <\/div>\n                <\/div>\n              <\/div>\n            <\/div>\n          <\/div>\n        <\/div>\n      <\/div>\n    <\/div>\n  <\/div>\n<\/div>","protected":false},"excerpt":{"rendered":"<p>Ern\u00e4hrungsberatung von den Krankenkassen bezuschusst \u2013 individuell und leicht im Alltag umsetzbar PR\u00c4VENTIVE ERN\u00c4HRUNGS-BERATUNG Sie sind gesund, m\u00f6chten jedoch Ihr Wohlbefinden und Ihre k\u00f6rperliche und mentale Leistungsf\u00e4higkeit steigern? Sie wollen&nbsp;ern\u00e4hrungsbedingten Krankheiten vorbeugen? \u201eVorbeugung ist besser als Heilen!\u201c Grundlage sind die Pr\u00e4ventionsprinzipien \u2022&nbsp;Vermeidung von Fehl- und Mangelern\u00e4hrung \u2022&nbsp;Vermeidung und Reduktion von \u00dcbergewicht Info: Zertifizierte Ern\u00e4hrungskurse zu [&hellip;]<\/p>\n","protected":false},"author":1,"featured_media":0,"parent":0,"menu_order":0,"comment_status":"closed","ping_status":"closed","template":"page-templates\/full-width-page.php","meta":{"footnotes":""},"class_list":["post-1152","page","type-page","status-publish","hentry"],"_links":{"self":[{"href":"http:\/\/projekt.frenz-communication.de\/Mangold\/wp-json\/wp\/v2\/pages\/1152","targetHints":{"allow":["GET"]}}],"collection":[{"href":"http:\/\/projekt.frenz-communication.de\/Mangold\/wp-json\/wp\/v2\/pages"}],"about":[{"href":"http:\/\/projekt.frenz-communication.de\/Mangold\/wp-json\/wp\/v2\/types\/page"}],"author":[{"embeddable":true,"href":"http:\/\/projekt.frenz-communication.de\/Mangold\/wp-json\/wp\/v2\/users\/1"}],"replies":[{"embeddable":true,"href":"http:\/\/projekt.frenz-communication.de\/Mangold\/wp-json\/wp\/v2\/comments?post=1152"}],"version-history":[{"count":10,"href":"http:\/\/projekt.frenz-communication.de\/Mangold\/wp-json\/wp\/v2\/pages\/1152\/revisions"}],"predecessor-version":[{"id":1635,"href":"http:\/\/projekt.frenz-communication.de\/Mangold\/wp-json\/wp\/v2\/pages\/1152\/revisions\/1635"}],"wp:attachment":[{"href":"http:\/\/projekt.frenz-communication.de\/Mangold\/wp-json\/wp\/v2\/media?parent=1152"}],"curies":[{"name":"wp","href":"https:\/\/api.w.org\/{rel}","templated":true}]}}