{"id":196,"date":"2023-12-15T23:29:06","date_gmt":"2023-12-15T22:29:06","guid":{"rendered":"http:\/\/projekt.frenz-communication.de\/Mangold\/?page_id=196"},"modified":"2024-01-25T12:00:05","modified_gmt":"2024-01-25T11:00:05","slug":"informationen-fuer-aerzte","status":"publish","type":"page","link":"http:\/\/projekt.frenz-communication.de\/Mangold\/informationen-fuer-aerzte\/","title":{"rendered":"Informationen f\u00fcr \u00c4rzte"},"content":{"rendered":"<div data-colibri-id=\"196-c1\" class=\"style-665 style-local-196-c1 position-relative\">\n  <!---->\n  <div data-colibri-component=\"section\" data-colibri-id=\"196-c2\" id=\"initial-content\" class=\"h-section h-section-global-spacing d-flex align-items-lg-center align-items-md-center align-items-center style-666 style-local-196-c2 position-relative\">\n    <!---->\n    <!---->\n    <div class=\"h-section-grid-container h-section-boxed-container\">\n      <!---->\n      <div data-colibri-id=\"196-c3\" class=\"h-row-container gutters-row-lg-2 gutters-row-md-2 gutters-row-0 gutters-row-v-lg-2 gutters-row-v-md-2 gutters-row-v-2 style-670 style-local-196-c3 position-relative\">\n        <!---->\n        <div class=\"h-row justify-content-lg-center justify-content-md-center justify-content-center align-items-lg-stretch align-items-md-stretch align-items-stretch gutters-col-lg-2 gutters-col-md-2 gutters-col-0 gutters-col-v-lg-2 gutters-col-v-md-2 gutters-col-v-2\">\n          <!---->\n          <div class=\"h-column h-column-container d-flex h-col-lg-auto h-col-md-auto h-col-auto style-671-outer style-local-196-c4-outer\">\n            <div data-colibri-id=\"196-c4\" class=\"d-flex h-flex-basis h-column__inner h-px-lg-2 h-px-md-2 h-px-2 v-inner-lg-2 v-inner-md-2 v-inner-2 style-671 style-local-196-c4 position-relative\">\n              <!---->\n              <!---->\n              <div class=\"w-100 h-y-container h-column__content h-column__v-align flex-basis-100 align-self-lg-start align-self-md-start align-self-start\">\n                <!---->\n                <div data-colibri-id=\"196-c5\" class=\"h-text h-text-component style-672 style-local-196-c5 position-relative h-element\">\n                  <!---->\n                  <!---->\n                  <div class=\"\">\n                    <p>Die Ern\u00e4hrungstherapie geh\u00f6rt zur Basistherapie bei vielen Erkrankungen.\n                      <br>Im Praxisalltag fehlt h\u00e4ufig die Zeit f\u00fcr ausf\u00fchrliche Anamnesen und Beratungsgespr\u00e4che.\n                      <br>Die passende Ern\u00e4hrung spart Medikamente und Folgebehandlungen. Die Lebensqualit\u00e4t wird gesteigert.<\/p>\n                    <p>Ich \u00fcbernehme gerne die Delegation Ihrer Patienten.<\/p>\n                    <p>Ern\u00e4hrungsberatung + Ern\u00e4hrungstherapie sind budgetneutral.&nbsp;\n                      <br>Es entstehen f\u00fcr Sie keine weiteren Kosten, wenn Sie eine \u00c4rztliche Notwendigkeitsbescheinigung\n                      <br> f\u00fcr die Ern\u00e4hrungstherapie ausf\u00fcllen.<\/p>\n                    <p>\n                      <br>\n                    <\/p>\n                    <p><strong>Pr\u00e4vention:&nbsp;&nbsp;<\/strong><\/p>\n                    <p>Wenn Sie Patienten herausfiltern, die keine Erkrankung aber Interesse an dem Thema Ern\u00e4hrung haben, dann k\u00f6nnen Sie gerne Formular M36 ausf\u00fcllen.<\/p>\n                    <p>\n                      <br>\n                    <\/p>\n                  <\/div>\n                <\/div>\n              <\/div>\n            <\/div>\n          <\/div>\n          <div class=\"h-column h-column-container d-flex h-col-lg-auto h-col-md-auto h-col-auto style-853-outer style-local-196-c6-outer\">\n            <div data-colibri-id=\"196-c6\" class=\"d-flex h-flex-basis h-column__inner h-ui-empty-state-container h-px-lg-2 h-px-md-2 h-px-2 v-inner-lg-2 v-inner-md-2 v-inner-2 style-853 style-local-196-c6 position-relative\">\n              <!---->\n              <!---->\n              <div class=\"w-100 h-y-container h-column__content h-column__v-align flex-basis-100\">\n                <!---->\n              <\/div>\n            <\/div>\n          <\/div>\n        <\/div>\n      <\/div>\n    <\/div>\n  <\/div>\n<\/div>","protected":false},"excerpt":{"rendered":"<p>Die Ern\u00e4hrungstherapie geh\u00f6rt zur Basistherapie bei vielen Erkrankungen. Im Praxisalltag fehlt h\u00e4ufig die Zeit f\u00fcr ausf\u00fchrliche Anamnesen und Beratungsgespr\u00e4che. Die passende Ern\u00e4hrung spart Medikamente und Folgebehandlungen. Die Lebensqualit\u00e4t wird gesteigert. Ich \u00fcbernehme gerne die Delegation Ihrer Patienten. Ern\u00e4hrungsberatung + Ern\u00e4hrungstherapie sind budgetneutral.&nbsp; Es entstehen f\u00fcr Sie keine weiteren Kosten, wenn Sie eine \u00c4rztliche Notwendigkeitsbescheinigung f\u00fcr [&hellip;]<\/p>\n","protected":false},"author":1,"featured_media":0,"parent":0,"menu_order":0,"comment_status":"closed","ping_status":"closed","template":"page-templates\/full-width-page.php","meta":{"footnotes":""},"class_list":["post-196","page","type-page","status-publish","hentry"],"_links":{"self":[{"href":"http:\/\/projekt.frenz-communication.de\/Mangold\/wp-json\/wp\/v2\/pages\/196","targetHints":{"allow":["GET"]}}],"collection":[{"href":"http:\/\/projekt.frenz-communication.de\/Mangold\/wp-json\/wp\/v2\/pages"}],"about":[{"href":"http:\/\/projekt.frenz-communication.de\/Mangold\/wp-json\/wp\/v2\/types\/page"}],"author":[{"embeddable":true,"href":"http:\/\/projekt.frenz-communication.de\/Mangold\/wp-json\/wp\/v2\/users\/1"}],"replies":[{"embeddable":true,"href":"http:\/\/projekt.frenz-communication.de\/Mangold\/wp-json\/wp\/v2\/comments?post=196"}],"version-history":[{"count":7,"href":"http:\/\/projekt.frenz-communication.de\/Mangold\/wp-json\/wp\/v2\/pages\/196\/revisions"}],"predecessor-version":[{"id":908,"href":"http:\/\/projekt.frenz-communication.de\/Mangold\/wp-json\/wp\/v2\/pages\/196\/revisions\/908"}],"wp:attachment":[{"href":"http:\/\/projekt.frenz-communication.de\/Mangold\/wp-json\/wp\/v2\/media?parent=196"}],"curies":[{"name":"wp","href":"https:\/\/api.w.org\/{rel}","templated":true}]}}