{"id":447,"date":"2023-12-19T08:52:07","date_gmt":"2023-12-19T07:52:07","guid":{"rendered":"http:\/\/projekt.frenz-communication.de\/Mangold\/?page_id=447"},"modified":"2024-01-29T12:19:34","modified_gmt":"2024-01-29T11:19:34","slug":"kostenrueckerstattung","status":"publish","type":"page","link":"http:\/\/projekt.frenz-communication.de\/Mangold\/kostenrueckerstattung\/","title":{"rendered":"Kostenr\u00fcckerstattung"},"content":{"rendered":"<div data-colibri-id=\"447-c1\" class=\"style-673 style-local-447-c1 position-relative\">\n  <!---->\n  <div data-colibri-component=\"section\" data-colibri-id=\"447-c2\" id=\"custom\" class=\"h-section h-section-global-spacing d-flex align-items-lg-center align-items-md-center align-items-center style-674 style-local-447-c2 position-relative\">\n    <!---->\n    <!---->\n    <div class=\"h-section-grid-container h-section-boxed-container\">\n      <!---->\n      <div data-colibri-id=\"447-c13\" class=\"h-row-container gutters-row-lg-2 gutters-row-md-2 gutters-row-0 gutters-row-v-lg-2 gutters-row-v-md-2 gutters-row-v-2 style-923 style-local-447-c13 position-relative\">\n        <!---->\n        <div class=\"h-row justify-content-lg-center justify-content-md-center justify-content-center align-items-lg-stretch align-items-md-stretch align-items-stretch gutters-col-lg-2 gutters-col-md-2 gutters-col-0 gutters-col-v-lg-2 gutters-col-v-md-2 gutters-col-v-2\">\n          <!---->\n          <div class=\"h-column h-column-container d-flex h-col-lg-auto h-col-md-auto h-col-auto style-924-outer style-local-447-c14-outer\">\n            <div data-colibri-id=\"447-c14\" class=\"d-flex h-flex-basis h-column__inner h-px-lg-2 h-px-md-2 h-px-2 v-inner-lg-2 v-inner-md-2 v-inner-2 style-924 style-local-447-c14 position-relative\">\n              <!---->\n              <!---->\n              <div class=\"w-100 h-y-container h-column__content h-column__v-align flex-basis-100 align-self-lg-start align-self-md-start align-self-start\">\n                <!---->\n                <div data-colibri-id=\"447-c15\" class=\"h-global-transition-all h-heading style-925 style-local-447-c15 position-relative h-element\">\n                  <!---->\n                  <div class=\"h-heading__outer style-925 style-local-447-c15\">\n                    <!---->\n                    <!---->\n                    <h3 class=\"\">Nutzen Sie die M\u00f6glichkeit, Ihre Therapie unterst\u00fctzen zulassen<\/h3>\n                  <\/div>\n                <\/div>\n              <\/div>\n            <\/div>\n          <\/div>\n        <\/div>\n      <\/div>\n      <div data-colibri-id=\"447-c3\" class=\"h-row-container gutters-row-lg-2 gutters-row-md-2 gutters-row-0 gutters-row-v-lg-2 gutters-row-v-md-2 gutters-row-v-2 style-675 style-local-447-c3 position-relative\">\n        <!---->\n        <div class=\"h-row justify-content-lg-center justify-content-md-center justify-content-center align-items-lg-stretch align-items-md-stretch align-items-stretch gutters-col-lg-2 gutters-col-md-2 gutters-col-0 gutters-col-v-lg-2 gutters-col-v-md-2 gutters-col-v-2\">\n          <!---->\n          <div class=\"h-column h-column-container d-flex h-col-lg-auto h-col-md-auto h-col-auto style-676-outer style-local-447-c4-outer\">\n            <div data-colibri-id=\"447-c4\" class=\"d-flex h-flex-basis h-column__inner h-px-lg-2 h-px-md-2 h-px-2 v-inner-lg-2 v-inner-md-2 v-inner-2 style-676 style-local-447-c4 position-relative\">\n              <!---->\n              <!---->\n              <div class=\"w-100 h-y-container h-column__content h-column__v-align flex-basis-100 align-self-lg-start align-self-md-start align-self-start\">\n                <!---->\n                <div data-colibri-id=\"447-c5\" class=\"h-global-transition-all h-heading style-679 style-local-447-c5 position-relative h-element\">\n                  <!---->\n                  <div class=\"h-heading__outer style-679 style-local-447-c5\">\n                    <!---->\n                    <!---->\n                    <h4 class=\"\">Ern\u00e4hrungstherapie nach \u00a7 43 SGB V<\/h4>\n                  <\/div>\n                <\/div>\n                <div data-colibri-id=\"447-c6\" class=\"h-text h-text-component style-678 style-local-447-c6 position-relative h-element\">\n                  <!---->\n                  <!---->\n                  <div class=\"\">\n                    <p>In der Regel erstattet Ihnen Ihre Krankenkasse bis zu 80 % der Kosten oder einen von der Krankenkasse festgelegten Betrag. Dieser kann von Krankenkasse zu Krankenkasse unterschiedlich hoch sein. Sie m\u00f6chten genauere Informationen?\n                      Dann k\u00f6nnen Sie unverbindlich bei mir anfragen oder sich an Ihre Krankenkasse wenden.&nbsp;&nbsp;Manche Krankenkassen ben\u00f6tigen vor Therapiebeginn einen Kostenvoranschlag, da die Ern\u00e4hrungstherapie eine &#8222;Kann-Leistung&#8220; ist. Diesen\n                      stelle ich Ihnen gerne aus.\n                      <br> Die Kosten der Ern\u00e4hrungstherapie werden zun\u00e4chst Ihnen in Rechnung gestellt. Die Rechnung k\u00f6nnen Sie dann zusammen mit der vom Arzt ausgestellten Notwendigkeitsbescheinigung bei Ihrer Krankenkasse einreichen. Nach Pr\u00fcfung erstattet\n                      Ihnen diese einen Teil der Kosten zur\u00fcck.<\/p>\n                  <\/div>\n                <\/div>\n                <div data-colibri-id=\"447-c7\" class=\"h-global-transition-all h-heading style-680 style-local-447-c7 position-relative h-element\">\n                  <!---->\n                  <div class=\"h-heading__outer style-680 style-local-447-c7\">\n                    <!---->\n                    <!---->\n                    <h4 class=\"\">Ern\u00e4hrungsberatung nach \u00a7 20 SGB V<\/h4>\n                  <\/div>\n                <\/div>\n                <div data-colibri-id=\"447-c8\" class=\"h-text h-text-component style-681 style-local-447-c8 position-relative h-element\">\n                  <!---->\n                  <!---->\n                  <div class=\"\">\n                    <p>In der Regel sind 2 Pr\u00e4ventionskurse (Ern\u00e4hrung\/Bewegung\/Stressmanagement\/Suchtmittelkonsum) pro Jahr m\u00f6glich. Ihre Krankenkasse erstattet Ihnen mindestens 75 \u20ac der Kursgeb\u00fchren. Je nach Krankenkasse k\u00f6nnen die erstatteten Betr\u00e4ge\n                      auch h\u00f6her sein.\n                      <br> Eine pr\u00e4ventive Ern\u00e4hrungsberatung k\u00f6nnen Sie auch ohne \u00e4rztliche Notwendigkeitsbescheinigung in Anspruch nehmen. Sie bekommen nach Abschluss des Kurses lediglich eine Teilnahmebest\u00e4tigung. Diese k\u00f6nnen Sie bei Ihrer Krankenkasse\n                      einreichen, um eine Erstattung zu erhalten. Eine vorherige Absprache mit der Krankenkasse ist bei zertifizierten Kurskonzepten nicht notwendig.<\/p>\n                  <\/div>\n                <\/div>\n              <\/div>\n            <\/div>\n          <\/div>\n          <div class=\"h-column h-column-container d-flex h-col-lg-auto h-col-md-auto h-col-auto style-677-outer style-local-447-c9-outer\">\n            <div data-colibri-id=\"447-c9\" class=\"d-flex h-flex-basis h-column__inner h-ui-empty-state-container h-px-lg-2 h-px-md-2 h-px-2 v-inner-lg-2 v-inner-md-2 v-inner-2 style-677 style-local-447-c9 position-relative\">\n              <!---->\n              <!---->\n              <div class=\"w-100 h-y-container h-column__content h-column__v-align flex-basis-100\">\n                <!---->\n              <\/div>\n            <\/div>\n          <\/div>\n        <\/div>\n      <\/div>\n    <\/div>\n  <\/div>\n<\/div>","protected":false},"excerpt":{"rendered":"<p>Nutzen Sie die M\u00f6glichkeit, Ihre Therapie unterst\u00fctzen zulassen Ern\u00e4hrungstherapie nach \u00a7 43 SGB V In der Regel erstattet Ihnen Ihre Krankenkasse bis zu 80 % der Kosten oder einen von der Krankenkasse festgelegten Betrag. Dieser kann von Krankenkasse zu Krankenkasse unterschiedlich hoch sein. Sie m\u00f6chten genauere Informationen? Dann k\u00f6nnen Sie unverbindlich bei mir anfragen oder [&hellip;]<\/p>\n","protected":false},"author":1,"featured_media":0,"parent":0,"menu_order":0,"comment_status":"closed","ping_status":"closed","template":"page-templates\/full-width-page.php","meta":{"footnotes":""},"class_list":["post-447","page","type-page","status-publish","hentry"],"_links":{"self":[{"href":"http:\/\/projekt.frenz-communication.de\/Mangold\/wp-json\/wp\/v2\/pages\/447","targetHints":{"allow":["GET"]}}],"collection":[{"href":"http:\/\/projekt.frenz-communication.de\/Mangold\/wp-json\/wp\/v2\/pages"}],"about":[{"href":"http:\/\/projekt.frenz-communication.de\/Mangold\/wp-json\/wp\/v2\/types\/page"}],"author":[{"embeddable":true,"href":"http:\/\/projekt.frenz-communication.de\/Mangold\/wp-json\/wp\/v2\/users\/1"}],"replies":[{"embeddable":true,"href":"http:\/\/projekt.frenz-communication.de\/Mangold\/wp-json\/wp\/v2\/comments?post=447"}],"version-history":[{"count":4,"href":"http:\/\/projekt.frenz-communication.de\/Mangold\/wp-json\/wp\/v2\/pages\/447\/revisions"}],"predecessor-version":[{"id":1110,"href":"http:\/\/projekt.frenz-communication.de\/Mangold\/wp-json\/wp\/v2\/pages\/447\/revisions\/1110"}],"wp:attachment":[{"href":"http:\/\/projekt.frenz-communication.de\/Mangold\/wp-json\/wp\/v2\/media?parent=447"}],"curies":[{"name":"wp","href":"https:\/\/api.w.org\/{rel}","templated":true}]}}