{"id":77,"date":"2023-12-15T21:47:34","date_gmt":"2023-12-15T20:47:34","guid":{"rendered":"http:\/\/projekt.frenz-communication.de\/Mangold\/?page_id=77"},"modified":"2024-01-25T11:45:16","modified_gmt":"2024-01-25T10:45:16","slug":"diabetes-beratung","status":"publish","type":"page","link":"http:\/\/projekt.frenz-communication.de\/Mangold\/diabetes-beratung\/","title":{"rendered":"Diabetes Beratung"},"content":{"rendered":"\n<p>Diabetes mellitus Typ 2, eine weit verbreitete Krankheit in der Gesellschaft. Ohne geeignete Behandlung kann Diabetes Gef\u00e4\u00dfe, Organe und Nerven sch\u00e4digen. Mit der geeigneten Behandlung k\u00f5nnen viele Sch\u00e4den vermieden werden.<\/p>\n\n\n\n<p>Bei Erstdiagnose wurde lhnen vielleicht von Ihrem Hausarzt erzahlt, lassen Sie doch mal Zucker weg und S\u00fc\u00dfigkeiten sind ab sofort tabu?<\/p>\n\n\n\n<p>Es gibt keine Verbote, aber durch gezielte Lebensstilumstellung ben\u00f5tigen Sie weniger oder gar keine Medikamente. Damit konnen Sie lhren Diabetes in den Griff kriegen. Mit passenden Schulungen konnen Ihre Fragen beantwortet werden.<\/p>\n\n\n\n<ul class=\"wp-block-list\">\n<li>Was ist Typ 2 Diabetes?<\/li>\n\n\n\n<li>Was bedeutet das f\u016br mich im Alltag?<\/li>\n\n\n\n<li>Welche Rolle spielt die Bewegung?<\/li>\n\n\n\n<li>Wie sollte ich mir mein Essen zusammenstellen?<\/li>\n\n\n\n<li>Warum wurde mir ein Medikament verschrieben?<\/li>\n<\/ul>\n\n\n\n<p>Sie haben Ihren Erkrankungsverlauf selbst in der Hand. Jeder Schritt zahlt, auch wenn er noch so klein ist. Sie k\u00f5nnen es mit professioneller Unterst\u00fctzung schaffen.<\/p>\n\n\n\n<figure class=\"wp-block-gallery has-nested-images columns-default is-cropped wp-block-gallery-1 is-layout-flex wp-block-gallery-is-layout-flex\">\n<figure class=\"wp-block-image size-large\"><img decoding=\"async\" width=\"1000\" height=\"667\" data-id=\"874\" data-src=\"http:\/\/projekt.frenz-communication.de\/Mangold\/wp-content\/uploads\/2024\/01\/AdobeStock_483222993_Preview.jpeg\" alt=\"\" class=\"wp-image-874 lazyload\" data-srcset=\"http:\/\/projekt.frenz-communication.de\/Mangold\/wp-content\/uploads\/2024\/01\/AdobeStock_483222993_Preview.jpeg 1000w, http:\/\/projekt.frenz-communication.de\/Mangold\/wp-content\/uploads\/2024\/01\/AdobeStock_483222993_Preview-300x200.jpeg 300w, http:\/\/projekt.frenz-communication.de\/Mangold\/wp-content\/uploads\/2024\/01\/AdobeStock_483222993_Preview-768x512.jpeg 768w\" data-sizes=\"(max-width: 1000px) 100vw, 1000px\" src=\"data:image\/svg+xml;base64,PHN2ZyB3aWR0aD0iMSIgaGVpZ2h0PSIxIiB4bWxucz0iaHR0cDovL3d3dy53My5vcmcvMjAwMC9zdmciPjwvc3ZnPg==\" style=\"--smush-placeholder-width: 1000px; --smush-placeholder-aspect-ratio: 1000\/667;\" \/><\/figure>\n\n\n\n<figure class=\"wp-block-image size-large\"><img decoding=\"async\" width=\"1000\" height=\"667\" data-id=\"864\" data-src=\"http:\/\/projekt.frenz-communication.de\/Mangold\/wp-content\/uploads\/2024\/01\/AdobeStock_233958962_Preview.jpeg\" alt=\"\" class=\"wp-image-864 lazyload\" data-srcset=\"http:\/\/projekt.frenz-communication.de\/Mangold\/wp-content\/uploads\/2024\/01\/AdobeStock_233958962_Preview.jpeg 1000w, http:\/\/projekt.frenz-communication.de\/Mangold\/wp-content\/uploads\/2024\/01\/AdobeStock_233958962_Preview-300x200.jpeg 300w, http:\/\/projekt.frenz-communication.de\/Mangold\/wp-content\/uploads\/2024\/01\/AdobeStock_233958962_Preview-768x512.jpeg 768w\" data-sizes=\"(max-width: 1000px) 100vw, 1000px\" src=\"data:image\/svg+xml;base64,PHN2ZyB3aWR0aD0iMSIgaGVpZ2h0PSIxIiB4bWxucz0iaHR0cDovL3d3dy53My5vcmcvMjAwMC9zdmciPjwvc3ZnPg==\" style=\"--smush-placeholder-width: 1000px; --smush-placeholder-aspect-ratio: 1000\/667;\" \/><\/figure>\n<\/figure>\n","protected":false},"excerpt":{"rendered":"<p>Diabetes mellitus Typ 2, eine weit verbreitete Krankheit in der Gesellschaft. Ohne geeignete Behandlung kann Diabetes Gef\u00e4\u00dfe, Organe und Nerven sch\u00e4digen. Mit der geeigneten Behandlung k\u00f5nnen viele Sch\u00e4den vermieden werden. Bei Erstdiagnose wurde lhnen vielleicht von Ihrem Hausarzt erzahlt, lassen Sie doch mal Zucker weg und S\u00fc\u00dfigkeiten sind ab sofort tabu? Es gibt keine Verbote, [&hellip;]<\/p>\n","protected":false},"author":1,"featured_media":0,"parent":0,"menu_order":0,"comment_status":"closed","ping_status":"closed","template":"","meta":{"footnotes":""},"class_list":["post-77","page","type-page","status-publish","hentry"],"_links":{"self":[{"href":"http:\/\/projekt.frenz-communication.de\/Mangold\/wp-json\/wp\/v2\/pages\/77","targetHints":{"allow":["GET"]}}],"collection":[{"href":"http:\/\/projekt.frenz-communication.de\/Mangold\/wp-json\/wp\/v2\/pages"}],"about":[{"href":"http:\/\/projekt.frenz-communication.de\/Mangold\/wp-json\/wp\/v2\/types\/page"}],"author":[{"embeddable":true,"href":"http:\/\/projekt.frenz-communication.de\/Mangold\/wp-json\/wp\/v2\/users\/1"}],"replies":[{"embeddable":true,"href":"http:\/\/projekt.frenz-communication.de\/Mangold\/wp-json\/wp\/v2\/comments?post=77"}],"version-history":[{"count":0,"href":"http:\/\/projekt.frenz-communication.de\/Mangold\/wp-json\/wp\/v2\/pages\/77\/revisions"}],"wp:attachment":[{"href":"http:\/\/projekt.frenz-communication.de\/Mangold\/wp-json\/wp\/v2\/media?parent=77"}],"curies":[{"name":"wp","href":"https:\/\/api.w.org\/{rel}","templated":true}]}}