{"id":79,"date":"2023-12-15T21:51:21","date_gmt":"2023-12-15T20:51:21","guid":{"rendered":"http:\/\/projekt.frenz-communication.de\/Mangold\/?page_id=79"},"modified":"2024-01-25T12:34:55","modified_gmt":"2024-01-25T11:34:55","slug":"personaltraining","status":"publish","type":"page","link":"http:\/\/projekt.frenz-communication.de\/Mangold\/personaltraining\/","title":{"rendered":"Personaltraining"},"content":{"rendered":"<div data-colibri-id=\"79-c1\" class=\"style-758 style-local-79-c1 position-relative\">\n  <!---->\n  <div data-colibri-component=\"section\" data-colibri-id=\"79-c2\" id=\"initial-content\" class=\"h-section h-section-global-spacing d-flex align-items-lg-center align-items-md-center align-items-center style-759 style-local-79-c2 position-relative\">\n    <!---->\n    <!---->\n    <div class=\"h-section-grid-container h-section-boxed-container\">\n      <!---->\n      <div data-colibri-id=\"79-c3\" class=\"h-row-container gutters-row-lg-2 gutters-row-md-2 gutters-row-0 gutters-row-v-lg-2 gutters-row-v-md-2 gutters-row-v-2 style-766 style-local-79-c3 position-relative\">\n        <!---->\n        <div class=\"h-row justify-content-lg-center justify-content-md-center justify-content-center align-items-lg-stretch align-items-md-stretch align-items-stretch gutters-col-lg-2 gutters-col-md-2 gutters-col-0 gutters-col-v-lg-2 gutters-col-v-md-2 gutters-col-v-2\">\n          <!---->\n          <div class=\"h-column h-column-container d-flex h-col-lg-auto h-col-md-auto h-col-auto style-767-outer style-local-79-c4-outer\">\n            <div data-colibri-id=\"79-c4\" class=\"d-flex h-flex-basis h-column__inner h-px-lg-2 h-px-md-2 h-px-2 v-inner-lg-2 v-inner-md-2 v-inner-2 style-767 style-local-79-c4 position-relative\">\n              <!---->\n              <!---->\n              <div class=\"w-100 h-y-container h-column__content h-column__v-align flex-basis-100 align-self-lg-start align-self-md-start align-self-start\">\n                <!---->\n                <div data-colibri-id=\"79-c5\" class=\"d-block style-770 style-local-79-c5 position-relative h-element\">\n                  <!---->\n                  <div class=\"h-image__frame-container-outer\">\n                    <div class=\"h-image__frame-container\">\n                      <!---->\n                      <!---->\n                      <img decoding=\"async\" width=\"667\" height=\"667\" data-src=\"http:\/\/projekt.frenz-communication.de\/Mangold\/wp-content\/uploads\/2024\/01\/cropped-AdobeStock_481803605_Preview.jpeg\" class=\"wp-image-967 style-770-image style-local-79-c5-image lazyload\" alt=\"\" data-srcset=\"http:\/\/projekt.frenz-communication.de\/Mangold\/wp-content\/uploads\/2024\/01\/cropped-AdobeStock_481803605_Preview.jpeg 667w, http:\/\/projekt.frenz-communication.de\/Mangold\/wp-content\/uploads\/2024\/01\/cropped-AdobeStock_481803605_Preview-300x300.jpeg 300w, http:\/\/projekt.frenz-communication.de\/Mangold\/wp-content\/uploads\/2024\/01\/cropped-AdobeStock_481803605_Preview-150x150.jpeg 150w\" data-sizes=\"(max-width: 667px) 100vw, 667px\" src=\"data:image\/svg+xml;base64,PHN2ZyB3aWR0aD0iMSIgaGVpZ2h0PSIxIiB4bWxucz0iaHR0cDovL3d3dy53My5vcmcvMjAwMC9zdmciPjwvc3ZnPg==\" style=\"--smush-placeholder-width: 667px; --smush-placeholder-aspect-ratio: 667\/667;\" \/>\n                      <div class=\"h-image__frame h-hide-lg h-hide-md h-hide-sm style-770-frameImage style-local-79-c5-frameImage\"><\/div>\n                    <\/div>\n                  <\/div>\n                <\/div>\n                <div data-colibri-id=\"79-c6\" class=\"d-block style-780 style-local-79-c6 position-relative h-element\">\n                  <!---->\n                  <div class=\"h-image__frame-container-outer\">\n                    <div class=\"h-image__frame-container\">\n                      <!---->\n                      <!---->\n                      <img decoding=\"async\" width=\"736\" height=\"591\" data-src=\"http:\/\/projekt.frenz-communication.de\/Mangold\/wp-content\/uploads\/2024\/01\/cropped-AdobeStock_308728099_Preview.jpeg\" class=\"wp-image-969 style-780-image style-local-79-c6-image lazyload\" alt=\"\" data-srcset=\"http:\/\/projekt.frenz-communication.de\/Mangold\/wp-content\/uploads\/2024\/01\/cropped-AdobeStock_308728099_Preview.jpeg 736w, http:\/\/projekt.frenz-communication.de\/Mangold\/wp-content\/uploads\/2024\/01\/cropped-AdobeStock_308728099_Preview-300x241.jpeg 300w\" data-sizes=\"(max-width: 736px) 100vw, 736px\" src=\"data:image\/svg+xml;base64,PHN2ZyB3aWR0aD0iMSIgaGVpZ2h0PSIxIiB4bWxucz0iaHR0cDovL3d3dy53My5vcmcvMjAwMC9zdmciPjwvc3ZnPg==\" style=\"--smush-placeholder-width: 736px; --smush-placeholder-aspect-ratio: 736\/591;\" \/>\n                      <div class=\"h-image__frame h-hide-lg h-hide-md h-hide-sm style-780-frameImage style-local-79-c6-frameImage\"><\/div>\n                    <\/div>\n                  <\/div>\n                <\/div>\n              <\/div>\n            <\/div>\n          <\/div>\n          <div class=\"h-column h-column-container d-flex h-col-lg-auto h-col-md-auto h-col-auto style-769-outer style-local-79-c7-outer\">\n            <div data-colibri-id=\"79-c7\" class=\"d-flex h-flex-basis h-column__inner h-px-lg-2 h-px-md-2 h-px-2 v-inner-lg-2 v-inner-md-2 v-inner-2 style-769 style-local-79-c7 position-relative\">\n              <!---->\n              <!---->\n              <div class=\"w-100 h-y-container h-column__content h-column__v-align flex-basis-100 align-self-lg-start align-self-md-start align-self-start\">\n                <!---->\n                <div data-colibri-id=\"79-c8\" class=\"h-text h-text-component style-765 style-local-79-c8 position-relative h-element\">\n                  <!---->\n                  <!---->\n                  <div class=\"\">\n                    <p>Ein \u201e0815 Trainingsplan\u201c, wie Sie ihn in den meisten Fitnessstudios bekommen, bringt Sie nicht weiter? Bei mir erhalten Sie einen Trainingsplan, der auf Ihre Bed\u00fcrfnisse abgestimmt ist<\/p>\n                  <\/div>\n                <\/div>\n                <div data-colibri-id=\"79-c9\" class=\"h-text h-text-component style-768 style-local-79-c9 position-relative h-element\">\n                  <!---->\n                  <!---->\n                  <div class=\"\">\n                    <p>\n                      <br>\n                    <\/p>\n                    <p>Phase 1:<\/p>\n                    <p>Bestimmung Ihres aktuellen Gesundheitszustandes, inklusive lhrer medizinischen Vorgeschichte mit Hilfe eines ausf\u00fchrlichen Anamnesegespr\u00e4chs<\/p>\n                    <p>Phase 2:<\/p>\n                    <p>Zielsetzung erfolgt spezifisch, messbar, attraktiv, realistisch und terminiert. Sie wollen Ihre Leistung steigern, Gewicht verlieren oder Muskeln aufbauen?<\/p>\n                    <p>Phase 3:<\/p>\n                    <p>Erstellung eines Plans, der die Intensit\u00e4t, aber auch die Dauer und die H\u00e4ufigkeit ber\u00fccksichtigt<\/p>\n                    <p>Phase 4:<\/p>\n                    <p>Anleitung zu den \u00dcbungen, um Verletzungen zu minimieren und gew\u00fcnschte Effekte zu erzielen.<\/p>\n                    <p>\n                      <br>\n                    <\/p>\n                    <p>Mit Personaltraining sind Sie nicht auf Fitnessstudio-Mitgliedschaften angewiesen, sondern k\u00f6nnen flexibel die \u00dcbungen ausf\u00fchren, wann und wo sie m\u00f6chten.\n                      <br>Ich m\u00f6chte Sie als qualifizierte Trainerin dazu motivieren, langfristig Ihre Ziele im Blick zu behalten.<\/p>\n                  <\/div>\n                <\/div>\n              <\/div>\n            <\/div>\n          <\/div>\n        <\/div>\n      <\/div>\n    <\/div>\n  <\/div>\n<\/div>","protected":false},"excerpt":{"rendered":"<p>Ein \u201e0815 Trainingsplan\u201c, wie Sie ihn in den meisten Fitnessstudios bekommen, bringt Sie nicht weiter? Bei mir erhalten Sie einen Trainingsplan, der auf Ihre Bed\u00fcrfnisse abgestimmt ist Phase 1: Bestimmung Ihres aktuellen Gesundheitszustandes, inklusive lhrer medizinischen Vorgeschichte mit Hilfe eines ausf\u00fchrlichen Anamnesegespr\u00e4chs Phase 2: Zielsetzung erfolgt spezifisch, messbar, attraktiv, realistisch und terminiert. Sie wollen Ihre [&hellip;]<\/p>\n","protected":false},"author":1,"featured_media":0,"parent":0,"menu_order":0,"comment_status":"closed","ping_status":"closed","template":"page-templates\/full-width-page.php","meta":{"footnotes":""},"class_list":["post-79","page","type-page","status-publish","hentry"],"_links":{"self":[{"href":"http:\/\/projekt.frenz-communication.de\/Mangold\/wp-json\/wp\/v2\/pages\/79","targetHints":{"allow":["GET"]}}],"collection":[{"href":"http:\/\/projekt.frenz-communication.de\/Mangold\/wp-json\/wp\/v2\/pages"}],"about":[{"href":"http:\/\/projekt.frenz-communication.de\/Mangold\/wp-json\/wp\/v2\/types\/page"}],"author":[{"embeddable":true,"href":"http:\/\/projekt.frenz-communication.de\/Mangold\/wp-json\/wp\/v2\/users\/1"}],"replies":[{"embeddable":true,"href":"http:\/\/projekt.frenz-communication.de\/Mangold\/wp-json\/wp\/v2\/comments?post=79"}],"version-history":[{"count":8,"href":"http:\/\/projekt.frenz-communication.de\/Mangold\/wp-json\/wp\/v2\/pages\/79\/revisions"}],"predecessor-version":[{"id":985,"href":"http:\/\/projekt.frenz-communication.de\/Mangold\/wp-json\/wp\/v2\/pages\/79\/revisions\/985"}],"wp:attachment":[{"href":"http:\/\/projekt.frenz-communication.de\/Mangold\/wp-json\/wp\/v2\/media?parent=79"}],"curies":[{"name":"wp","href":"https:\/\/api.w.org\/{rel}","templated":true}]}}